{"id":68,"date":"2023-06-24T08:24:57","date_gmt":"2023-06-24T06:24:57","guid":{"rendered":"https:\/\/saalebogen-borussen.de\/?page_id=68"},"modified":"2024-05-18T20:14:24","modified_gmt":"2024-05-18T18:14:24","slug":"company","status":"publish","type":"page","link":"https:\/\/saalebogen-borussen.de\/?page_id=68","title":{"rendered":"\u00dcber uns"},"content":{"rendered":"\t\t<div data-elementor-type=\"wp-page\" data-elementor-id=\"68\" class=\"elementor elementor-68\">\n\t\t\t\t\t\t<div class=\"elementor-section elementor-top-section elementor-element elementor-element-3016a7a elementor-section-full_width elementor-section-height-default elementor-section-height-default\" data-id=\"3016a7a\" data-element_type=\"section\" data-settings=\"{&quot;background_background&quot;:&quot;gradient&quot;}\">\n\t\t\t\t\t\t<div class=\"elementor-container elementor-column-gap-no\">\n\t\t\t\t\t<div class=\"elementor-column elementor-col-50 elementor-top-column elementor-element elementor-element-ad76d0a ui-col-align-left\" data-id=\"ad76d0a\" data-element_type=\"column\">\n\t\t\t<div class=\"elementor-widget-wrap elementor-element-populated\">\n\t\t\t\t\t\t<div class=\"elementor-element elementor-element-8597ce3 animated-fast elementor-invisible elementor-widget elementor-widget-heading\" data-id=\"8597ce3\" data-element_type=\"widget\" data-settings=\"{&quot;_animation&quot;:&quot;fadeInLeft&quot;,&quot;_animation_delay&quot;:450}\" data-widget_type=\"heading.default\">\n\t\t\t\t<div class=\"elementor-widget-container\">\n\t\t\t\t\t<h1 class=\"elementor-heading-title elementor-size-default\">Unsere Geschichte, Unsere Leidenschaft<\/h1>\t\t\t\t<\/div>\n\t\t\t\t<\/div>\n\t\t\t\t<div class=\"elementor-element elementor-element-daa87fe elementor-widget__width-initial elementor-widget-mobile__width-inherit elementor-widget-tablet__width-inherit animated-fast elementor-invisible elementor-widget elementor-widget-text-editor\" data-id=\"daa87fe\" data-element_type=\"widget\" data-settings=\"{&quot;_animation&quot;:&quot;fadeInLeft&quot;,&quot;_animation_delay&quot;:500}\" data-widget_type=\"text-editor.default\">\n\t\t\t\t<div class=\"elementor-widget-container\">\n\t\t\t\t\t\t\t\t\t<p><span class=\"notion-enable-hover\" data-token-index=\"0\">Herzlich willkommen in der Welt der Saalebogen Borussen \u2013 wo die Liebe zum Fu\u00dfball und die Treue zu Borussia Dortmund tief in unseren Herzen verwurzelt sind.<\/span><!-- notionvc: 8912a6de-dab9-4b8f-ac29-5f29278b4391 --><\/p>\t\t\t\t\t\t\t\t<\/div>\n\t\t\t\t<\/div>\n\t\t\t\t<div class=\"elementor-element elementor-element-76c2005 animated-fast elementor-invisible elementor-widget elementor-widget-button\" data-id=\"76c2005\" data-element_type=\"widget\" data-settings=\"{&quot;_animation&quot;:&quot;fadeInLeft&quot;,&quot;_animation_delay&quot;:550}\" data-widget_type=\"button.default\">\n\t\t\t\t<div class=\"elementor-widget-container\">\n\t\t\t\t\t\t\t\t\t<div class=\"elementor-button-wrapper\">\n\t\t\t\t\t<a class=\"elementor-button elementor-button-link elementor-size-sm\" href=\"#scroll\">\n\t\t\t\t\t\t<span class=\"elementor-button-content-wrapper\">\n\t\t\t\t\t\t<span class=\"elementor-button-icon\">\n\t\t\t\t<svg aria-hidden=\"true\" class=\"e-font-icon-svg e-fas-arrow-down\" viewBox=\"0 0 448 512\" xmlns=\"http:\/\/www.w3.org\/2000\/svg\"><path d=\"M413.1 222.5l22.2 22.2c9.4 9.4 9.4 24.6 0 33.9L241 473c-9.4 9.4-24.6 9.4-33.9 0L12.7 278.6c-9.4-9.4-9.4-24.6 0-33.9l22.2-22.2c9.5-9.5 25-9.3 34.3.4L184 343.4V56c0-13.3 10.7-24 24-24h32c13.3 0 24 10.7 24 24v287.4l114.8-120.5c9.3-9.8 24.8-10 34.3-.4z\"><\/path><\/svg>\t\t\t<\/span>\n\t\t\t\t\t\t\t\t\t<span class=\"elementor-button-text\">Scroll Down<\/span>\n\t\t\t\t\t<\/span>\n\t\t\t\t\t<\/a>\n\t\t\t\t<\/div>\n\t\t\t\t\t\t\t\t<\/div>\n\t\t\t\t<\/div>\n\t\t\t\t\t<\/div>\n\t\t<\/div>\n\t\t\t\t<div class=\"elementor-column elementor-col-50 elementor-top-column elementor-element elementor-element-89df29f\" data-id=\"89df29f\" data-element_type=\"column\">\n\t\t\t<div class=\"elementor-widget-wrap elementor-element-populated\">\n\t\t\t\t\t\t<div class=\"elementor-element elementor-element-cc77c26 animated-fast elementor-invisible elementor-widget elementor-widget-image\" data-id=\"cc77c26\" data-element_type=\"widget\" data-settings=\"{&quot;_animation&quot;:&quot;fadeInRight&quot;,&quot;_animation_delay&quot;:&quot;500&quot;}\" data-widget_type=\"image.default\">\n\t\t\t\t<div class=\"elementor-widget-container\">\n\t\t\t\t\t\t\t\t\t\t\t\t\t\t\t<img fetchpriority=\"high\" decoding=\"async\" width=\"2560\" height=\"1920\" src=\"https:\/\/saalebogen-borussen.de\/wp-content\/uploads\/2024\/05\/IMG-20190919-WA0002-topaz-standard-v2-2x-scaled.jpeg\" class=\"attachment-full size-full wp-image-514\" alt=\"\" srcset=\"https:\/\/saalebogen-borussen.de\/wp-content\/uploads\/2024\/05\/IMG-20190919-WA0002-topaz-standard-v2-2x-scaled.jpeg 2560w, https:\/\/saalebogen-borussen.de\/wp-content\/uploads\/2024\/05\/IMG-20190919-WA0002-topaz-standard-v2-2x-300x225.jpeg 300w, https:\/\/saalebogen-borussen.de\/wp-content\/uploads\/2024\/05\/IMG-20190919-WA0002-topaz-standard-v2-2x-1024x768.jpeg 1024w, https:\/\/saalebogen-borussen.de\/wp-content\/uploads\/2024\/05\/IMG-20190919-WA0002-topaz-standard-v2-2x-768x576.jpeg 768w, https:\/\/saalebogen-borussen.de\/wp-content\/uploads\/2024\/05\/IMG-20190919-WA0002-topaz-standard-v2-2x-1536x1152.jpeg 1536w, https:\/\/saalebogen-borussen.de\/wp-content\/uploads\/2024\/05\/IMG-20190919-WA0002-topaz-standard-v2-2x-2048x1536.jpeg 2048w, https:\/\/saalebogen-borussen.de\/wp-content\/uploads\/2024\/05\/IMG-20190919-WA0002-topaz-standard-v2-2x-650x488.jpeg 650w\" sizes=\"(max-width: 2560px) 100vw, 2560px\" \/>\t\t\t\t\t\t\t\t\t\t\t\t\t\t\t<\/div>\n\t\t\t\t<\/div>\n\t\t\t\t\t<\/div>\n\t\t<\/div>\n\t\t\t\t\t<\/div>\n\t\t<\/div>\n\t\t\t\t<section class=\"elementor-section elementor-top-section elementor-element elementor-element-1131ce0 elementor-section-boxed elementor-section-height-default elementor-section-height-default\" data-id=\"1131ce0\" data-element_type=\"section\" id=\"scroll\">\n\t\t\t\t\t\t<div class=\"elementor-container elementor-column-gap-default\">\n\t\t\t\t\t<div class=\"elementor-column elementor-col-50 elementor-top-column elementor-element elementor-element-e21d283\" data-id=\"e21d283\" data-element_type=\"column\">\n\t\t\t<div class=\"elementor-widget-wrap elementor-element-populated\">\n\t\t\t\t\t\t<div class=\"elementor-element elementor-element-410f620 elementor-widget elementor-widget-heading\" data-id=\"410f620\" data-element_type=\"widget\" data-widget_type=\"heading.default\">\n\t\t\t\t<div class=\"elementor-widget-container\">\n\t\t\t\t\t<h2 class=\"elementor-heading-title elementor-size-default\">Unsere Reise <\/h2>\t\t\t\t<\/div>\n\t\t\t\t<\/div>\n\t\t\t\t\t<\/div>\n\t\t<\/div>\n\t\t\t\t<div class=\"elementor-column elementor-col-50 elementor-top-column elementor-element elementor-element-28d92f8\" data-id=\"28d92f8\" data-element_type=\"column\">\n\t\t\t<div class=\"elementor-widget-wrap elementor-element-populated\">\n\t\t\t\t\t\t<div class=\"elementor-element elementor-element-432ae46 elementor-widget elementor-widget-text-editor\" data-id=\"432ae46\" data-element_type=\"widget\" data-widget_type=\"text-editor.default\">\n\t\t\t\t<div class=\"elementor-widget-container\">\n\t\t\t\t\t\t\t\t\t<p>Die Saalebogen Borussen wurden aus einer tiefen Leidenschaft heraus geboren \u2013 der Liebe zum Fu\u00dfball und der unersch\u00fctterlichen Unterst\u00fctzung f\u00fcr Borussia Dortmund. Was als eine kleine Gruppe enthusiastischer Fans aus Saalfeld, Rudolstadt und Blankenburg begann, hat sich zu einer starken Gemeinschaft entwickelt, die durch die schwarz-gelben Farben vereint ist.<\/p>\t\t\t\t\t\t\t\t<\/div>\n\t\t\t\t<\/div>\n\t\t\t\t\t<\/div>\n\t\t<\/div>\n\t\t\t\t\t<\/div>\n\t\t<\/section>\n\t\t<div class=\"elementor-element elementor-element-90afd9d e-flex e-con-boxed e-con e-parent\" data-id=\"90afd9d\" data-element_type=\"container\">\n\t\t\t\t\t<div class=\"e-con-inner\">\n\t\t\t\t<div class=\"elementor-element elementor-element-b1a4d4b elementor-widget-divider--view-line elementor-widget elementor-widget-divider\" data-id=\"b1a4d4b\" data-element_type=\"widget\" data-widget_type=\"divider.default\">\n\t\t\t\t<div class=\"elementor-widget-container\">\n\t\t\t\t\t\t\t<div class=\"elementor-divider\">\n\t\t\t<span class=\"elementor-divider-separator\">\n\t\t\t\t\t\t<\/span>\n\t\t<\/div>\n\t\t\t\t\t\t<\/div>\n\t\t\t\t<\/div>\n\t\t\t\t\t<\/div>\n\t\t\t\t<\/div>\n\t\t\t\t<section class=\"elementor-section elementor-top-section elementor-element elementor-element-7317680 elementor-section-boxed elementor-section-height-default elementor-section-height-default\" data-id=\"7317680\" data-element_type=\"section\" data-settings=\"{&quot;background_background&quot;:&quot;classic&quot;}\">\n\t\t\t\t\t\t<div class=\"elementor-container elementor-column-gap-default\">\n\t\t\t\t\t<div class=\"elementor-column elementor-col-50 elementor-top-column elementor-element elementor-element-78d2ffe\" data-id=\"78d2ffe\" data-element_type=\"column\">\n\t\t\t<div class=\"elementor-widget-wrap elementor-element-populated\">\n\t\t\t\t\t\t<div class=\"elementor-element elementor-element-eb5f949 elementor-widget elementor-widget-heading\" data-id=\"eb5f949\" data-element_type=\"widget\" data-widget_type=\"heading.default\">\n\t\t\t\t<div class=\"elementor-widget-container\">\n\t\t\t\t\t<h2 class=\"elementor-heading-title elementor-size-default\">Unsere Werte<\/h2>\t\t\t\t<\/div>\n\t\t\t\t<\/div>\n\t\t\t\t\t<\/div>\n\t\t<\/div>\n\t\t\t\t<div class=\"elementor-column elementor-col-50 elementor-top-column elementor-element elementor-element-659ca69\" data-id=\"659ca69\" data-element_type=\"column\">\n\t\t\t<div class=\"elementor-widget-wrap elementor-element-populated\">\n\t\t\t\t\t\t<div class=\"elementor-element elementor-element-4a08332 elementor-widget elementor-widget-text-editor\" data-id=\"4a08332\" data-element_type=\"widget\" data-widget_type=\"text-editor.default\">\n\t\t\t\t<div class=\"elementor-widget-container\">\n\t\t\t\t\t\t\t\t\t<p>Wir glauben, dass Fu\u00dfball mehr ist als nur ein Spiel. Es ist eine Sprache, die Grenzen \u00fcberwindet, eine Br\u00fccke, die Generationen verbindet, und ein Band, das unterschiedliche Kulturen zusammenf\u00fchrt. Bei den Saalebogen Borussen geht es um mehr als nur Siege und Niederlagen; es geht um Kameradschaft, Respekt und die gemeinsame Freude an jedem Tor, jeder Parade und jedem Spiel.<\/p>\t\t\t\t\t\t\t\t<\/div>\n\t\t\t\t<\/div>\n\t\t\t\t\t<\/div>\n\t\t<\/div>\n\t\t\t\t\t<\/div>\n\t\t<\/section>\n\t\t<div class=\"elementor-element elementor-element-ef7ab06 e-flex e-con-boxed e-con e-parent\" data-id=\"ef7ab06\" data-element_type=\"container\">\n\t\t\t\t\t<div class=\"e-con-inner\">\n\t\t\t\t<div class=\"elementor-element elementor-element-4a63101 elementor-widget-divider--view-line elementor-widget elementor-widget-divider\" data-id=\"4a63101\" data-element_type=\"widget\" data-widget_type=\"divider.default\">\n\t\t\t\t<div class=\"elementor-widget-container\">\n\t\t\t\t\t\t\t<div class=\"elementor-divider\">\n\t\t\t<span class=\"elementor-divider-separator\">\n\t\t\t\t\t\t<\/span>\n\t\t<\/div>\n\t\t\t\t\t\t<\/div>\n\t\t\t\t<\/div>\n\t\t\t\t\t<\/div>\n\t\t\t\t<\/div>\n\t\t\t\t<section class=\"elementor-section elementor-top-section elementor-element elementor-element-c912809 elementor-section-boxed elementor-section-height-default elementor-section-height-default\" data-id=\"c912809\" data-element_type=\"section\">\n\t\t\t\t\t\t<div class=\"elementor-container elementor-column-gap-default\">\n\t\t\t\t\t<div class=\"elementor-column elementor-col-50 elementor-top-column elementor-element elementor-element-2f4372a\" data-id=\"2f4372a\" data-element_type=\"column\">\n\t\t\t<div class=\"elementor-widget-wrap elementor-element-populated\">\n\t\t\t\t\t\t<div class=\"elementor-element elementor-element-21127b6 elementor-widget elementor-widget-heading\" data-id=\"21127b6\" data-element_type=\"widget\" data-widget_type=\"heading.default\">\n\t\t\t\t<div class=\"elementor-widget-container\">\n\t\t\t\t\t<h2 class=\"elementor-heading-title elementor-size-default\">Unsere Gemeinschaft<\/h2>\t\t\t\t<\/div>\n\t\t\t\t<\/div>\n\t\t\t\t\t<\/div>\n\t\t<\/div>\n\t\t\t\t<div class=\"elementor-column elementor-col-50 elementor-top-column elementor-element elementor-element-de7f49e\" data-id=\"de7f49e\" data-element_type=\"column\">\n\t\t\t<div class=\"elementor-widget-wrap elementor-element-populated\">\n\t\t\t\t\t\t<div class=\"elementor-element elementor-element-904d075 elementor-widget elementor-widget-text-editor\" data-id=\"904d075\" data-element_type=\"widget\" data-widget_type=\"text-editor.default\">\n\t\t\t\t<div class=\"elementor-widget-container\">\n\t\t\t\t\t\t\t\t\t<p>In unserem Fanclub ist jeder willkommen, der die schwarz-gelbe Flamme in seinem Herzen tr\u00e4gt. Wir feiern unsere Unterschiede und glauben, dass Vielfalt unsere St\u00e4rke ist. Unabh\u00e4ngig von Alter, Geschlecht oder Herkunft \u2013 bei uns finden Sie Gleichgesinnte, die Ihre Begeisterung f\u00fcr Borussia Dortmund teilen.<\/p>\t\t\t\t\t\t\t\t<\/div>\n\t\t\t\t<\/div>\n\t\t\t\t\t<\/div>\n\t\t<\/div>\n\t\t\t\t\t<\/div>\n\t\t<\/section>\n\t\t<div class=\"elementor-element elementor-element-72e6b16 e-flex e-con-boxed e-con e-parent\" data-id=\"72e6b16\" data-element_type=\"container\">\n\t\t\t\t\t<div class=\"e-con-inner\">\n\t\t\t\t<div class=\"elementor-element elementor-element-9eca5ce elementor-widget-divider--view-line elementor-widget elementor-widget-divider\" data-id=\"9eca5ce\" data-element_type=\"widget\" data-widget_type=\"divider.default\">\n\t\t\t\t<div class=\"elementor-widget-container\">\n\t\t\t\t\t\t\t<div class=\"elementor-divider\">\n\t\t\t<span class=\"elementor-divider-separator\">\n\t\t\t\t\t\t<\/span>\n\t\t<\/div>\n\t\t\t\t\t\t<\/div>\n\t\t\t\t<\/div>\n\t\t\t\t\t<\/div>\n\t\t\t\t<\/div>\n\t\t\t\t<section class=\"elementor-section elementor-top-section elementor-element elementor-element-4d25513 elementor-reverse-mobile elementor-section-boxed elementor-section-height-default elementor-section-height-default\" data-id=\"4d25513\" data-element_type=\"section\" data-settings=\"{&quot;background_background&quot;:&quot;gradient&quot;}\">\n\t\t\t\t\t\t<div class=\"elementor-container elementor-column-gap-default\">\n\t\t\t\t\t<div class=\"elementor-column elementor-col-50 elementor-top-column elementor-element elementor-element-b4f6208\" data-id=\"b4f6208\" data-element_type=\"column\">\n\t\t\t<div class=\"elementor-widget-wrap elementor-element-populated\">\n\t\t\t\t\t\t<div class=\"elementor-element elementor-element-65fb113 elementor-widget elementor-widget-heading\" data-id=\"65fb113\" data-element_type=\"widget\" data-widget_type=\"heading.default\">\n\t\t\t\t<div class=\"elementor-widget-container\">\n\t\t\t\t\t<h3 class=\"elementor-heading-title elementor-size-default\">Unsere Momente<\/h3>\t\t\t\t<\/div>\n\t\t\t\t<\/div>\n\t\t\t\t<div class=\"elementor-element elementor-element-1bf9ad9 elementor-widget elementor-widget-text-editor\" data-id=\"1bf9ad9\" data-element_type=\"widget\" data-widget_type=\"text-editor.default\">\n\t\t\t\t<div class=\"elementor-widget-container\">\n\t\t\t\t\t\t\t\t\t<p>Jedes Spiel ist f\u00fcr uns ein Fest, jede Begegnung ein Grund zur Freude. Von nervenaufreibenden Derbys bis hin zu triumphalen Siegen \u2013 wir haben zusammen gelacht, geweint und gejubelt. Diese Momente sind nicht nur Erinnerungen; sie sind Teil unserer Geschichte und pr\u00e4gen unseren Club.<\/p>\t\t\t\t\t\t\t\t<\/div>\n\t\t\t\t<\/div>\n\t\t\t\t<div class=\"elementor-element elementor-element-56443a2 elementor-widget elementor-widget-button\" data-id=\"56443a2\" data-element_type=\"widget\" data-widget_type=\"button.default\">\n\t\t\t\t<div class=\"elementor-widget-container\">\n\t\t\t\t\t\t\t\t\t<div class=\"elementor-button-wrapper\">\n\t\t\t\t\t<a class=\"elementor-button elementor-button-link elementor-size-sm\" href=\"https:\/\/saalebogen-borussen.de\/?page_id=480\">\n\t\t\t\t\t\t<span class=\"elementor-button-content-wrapper\">\n\t\t\t\t\t\t\t\t\t<span class=\"elementor-button-text\">Zur Bildergalerie<\/span>\n\t\t\t\t\t<\/span>\n\t\t\t\t\t<\/a>\n\t\t\t\t<\/div>\n\t\t\t\t\t\t\t\t<\/div>\n\t\t\t\t<\/div>\n\t\t\t\t\t<\/div>\n\t\t<\/div>\n\t\t\t\t<div class=\"elementor-column elementor-col-50 elementor-top-column elementor-element elementor-element-c148dd2\" data-id=\"c148dd2\" data-element_type=\"column\">\n\t\t\t<div class=\"elementor-widget-wrap elementor-element-populated\">\n\t\t\t\t\t\t<div class=\"elementor-element elementor-element-d3db96b elementor-widget__width-auto bdt-background-overlay-yes elementor-widget elementor-widget-image\" data-id=\"d3db96b\" data-element_type=\"widget\" data-widget_type=\"image.default\">\n\t\t\t\t<div class=\"elementor-widget-container\">\n\t\t\t\t\t\t\t\t\t\t\t\t\t\t\t<img decoding=\"async\" width=\"2560\" height=\"1920\" src=\"https:\/\/saalebogen-borussen.de\/wp-content\/uploads\/2024\/05\/IMG-20200301-WA0025-topaz-standard-v2-2x-scaled.jpeg\" class=\"attachment-full size-full wp-image-516\" alt=\"\" srcset=\"https:\/\/saalebogen-borussen.de\/wp-content\/uploads\/2024\/05\/IMG-20200301-WA0025-topaz-standard-v2-2x-scaled.jpeg 2560w, https:\/\/saalebogen-borussen.de\/wp-content\/uploads\/2024\/05\/IMG-20200301-WA0025-topaz-standard-v2-2x-300x225.jpeg 300w, https:\/\/saalebogen-borussen.de\/wp-content\/uploads\/2024\/05\/IMG-20200301-WA0025-topaz-standard-v2-2x-1024x768.jpeg 1024w, https:\/\/saalebogen-borussen.de\/wp-content\/uploads\/2024\/05\/IMG-20200301-WA0025-topaz-standard-v2-2x-768x576.jpeg 768w, https:\/\/saalebogen-borussen.de\/wp-content\/uploads\/2024\/05\/IMG-20200301-WA0025-topaz-standard-v2-2x-1536x1152.jpeg 1536w, https:\/\/saalebogen-borussen.de\/wp-content\/uploads\/2024\/05\/IMG-20200301-WA0025-topaz-standard-v2-2x-2048x1536.jpeg 2048w, https:\/\/saalebogen-borussen.de\/wp-content\/uploads\/2024\/05\/IMG-20200301-WA0025-topaz-standard-v2-2x-650x488.jpeg 650w\" sizes=\"(max-width: 2560px) 100vw, 2560px\" \/>\t\t\t\t\t\t\t\t\t\t\t\t\t\t\t<\/div>\n\t\t\t\t<\/div>\n\t\t\t\t\t<\/div>\n\t\t<\/div>\n\t\t\t\t\t<\/div>\n\t\t<\/section>\n\t\t\t\t<div class=\"elementor-section elementor-top-section elementor-element elementor-element-68d45fc elementor-section-boxed elementor-section-height-default elementor-section-height-default\" data-id=\"68d45fc\" data-element_type=\"section\" data-settings=\"{&quot;background_background&quot;:&quot;gradient&quot;}\">\n\t\t\t\t\t\t<div class=\"elementor-container elementor-column-gap-default\">\n\t\t\t\t\t<div class=\"elementor-column elementor-col-100 elementor-top-column elementor-element elementor-element-1857f776\" data-id=\"1857f776\" data-element_type=\"column\">\n\t\t\t<div class=\"elementor-widget-wrap elementor-element-populated\">\n\t\t\t\t\t\t<section class=\"elementor-section elementor-inner-section elementor-element elementor-element-6682539c elementor-section-boxed elementor-section-height-default elementor-section-height-default\" data-id=\"6682539c\" data-element_type=\"section\" data-settings=\"{&quot;background_background&quot;:&quot;classic&quot;}\">\n\t\t\t\t\t\t<div class=\"elementor-container elementor-column-gap-default\">\n\t\t\t\t\t<div class=\"elementor-column elementor-col-50 elementor-inner-column elementor-element elementor-element-472e8a19\" data-id=\"472e8a19\" data-element_type=\"column\">\n\t\t\t<div class=\"elementor-widget-wrap elementor-element-populated\">\n\t\t\t\t\t\t<div class=\"elementor-element elementor-element-b9a1af0 elementor-widget__width-initial elementor-widget elementor-widget-heading\" data-id=\"b9a1af0\" data-element_type=\"widget\" data-widget_type=\"heading.default\">\n\t\t\t\t<div class=\"elementor-widget-container\">\n\t\t\t\t\t<h3 class=\"elementor-heading-title elementor-size-default\">Werde jetzt Mitglied bei uns!<\/h3>\t\t\t\t<\/div>\n\t\t\t\t<\/div>\n\t\t\t\t<div class=\"elementor-element elementor-element-abda6bb elementor-widget__width-auto elementor-mobile-align-center elementor-widget-mobile__width-inherit elementor-widget elementor-widget-button\" data-id=\"abda6bb\" data-element_type=\"widget\" data-widget_type=\"button.default\">\n\t\t\t\t<div class=\"elementor-widget-container\">\n\t\t\t\t\t\t\t\t\t<div class=\"elementor-button-wrapper\">\n\t\t\t\t\t<a class=\"elementor-button elementor-button-link elementor-size-sm\" href=\"https:\/\/saalebogen-borussen.de\/?page_id=388\">\n\t\t\t\t\t\t<span class=\"elementor-button-content-wrapper\">\n\t\t\t\t\t\t\t\t\t<span class=\"elementor-button-text\">Mitglied werden<\/span>\n\t\t\t\t\t<\/span>\n\t\t\t\t\t<\/a>\n\t\t\t\t<\/div>\n\t\t\t\t\t\t\t\t<\/div>\n\t\t\t\t<\/div>\n\t\t<div class=\"elementor-element elementor-element-219369be e-flex e-con-boxed e-con e-parent\" data-id=\"219369be\" data-element_type=\"container\">\n\t\t\t\t\t<div class=\"e-con-inner\">\n\t\t\t\t<div class=\"elementor-element elementor-element-55e7a83d elementor-widget elementor-widget-spacer\" data-id=\"55e7a83d\" data-element_type=\"widget\" data-widget_type=\"spacer.default\">\n\t\t\t\t<div class=\"elementor-widget-container\">\n\t\t\t\t\t\t\t<div class=\"elementor-spacer\">\n\t\t\t<div class=\"elementor-spacer-inner\"><\/div>\n\t\t<\/div>\n\t\t\t\t\t\t<\/div>\n\t\t\t\t<\/div>\n\t\t\t\t\t<\/div>\n\t\t\t\t<\/div>\n\t\t\t\t\t<\/div>\n\t\t<\/div>\n\t\t\t\t<div class=\"elementor-column elementor-col-50 elementor-inner-column elementor-element elementor-element-236ad938\" data-id=\"236ad938\" data-element_type=\"column\">\n\t\t\t<div class=\"elementor-widget-wrap\">\n\t\t\t\t\t\t\t<\/div>\n\t\t<\/div>\n\t\t\t\t\t<\/div>\n\t\t<\/section>\n\t\t\t\t\t<\/div>\n\t\t<\/div>\n\t\t\t\t\t<\/div>\n\t\t<\/div>\n\t\t\t\t<\/div>\n\t\t","protected":false},"excerpt":{"rendered":"<p>Unsere Geschichte, Unsere Leidenschaft Herzlich willkommen in der Welt der Saalebogen Borussen \u2013 wo die Liebe zum Fu\u00dfball und die Treue zu Borussia Dortmund tief in unseren Herzen verwurzelt sind. Scroll Down Unsere Reise Die Saalebogen Borussen wurden aus einer tiefen Leidenschaft heraus geboren \u2013 der Liebe zum Fu\u00dfball und der unersch\u00fctterlichen Unterst\u00fctzung f\u00fcr Borussia [&hellip;]<\/p>\n","protected":false},"author":1,"featured_media":0,"parent":0,"menu_order":0,"comment_status":"closed","ping_status":"closed","template":"","meta":{"footnotes":""},"class_list":["post-68","page","type-page","status-publish","hentry"],"_links":{"self":[{"href":"https:\/\/saalebogen-borussen.de\/index.php?rest_route=\/wp\/v2\/pages\/68","targetHints":{"allow":["GET"]}}],"collection":[{"href":"https:\/\/saalebogen-borussen.de\/index.php?rest_route=\/wp\/v2\/pages"}],"about":[{"href":"https:\/\/saalebogen-borussen.de\/index.php?rest_route=\/wp\/v2\/types\/page"}],"author":[{"embeddable":true,"href":"https:\/\/saalebogen-borussen.de\/index.php?rest_route=\/wp\/v2\/users\/1"}],"replies":[{"embeddable":true,"href":"https:\/\/saalebogen-borussen.de\/index.php?rest_route=%2Fwp%2Fv2%2Fcomments&post=68"}],"version-history":[{"count":97,"href":"https:\/\/saalebogen-borussen.de\/index.php?rest_route=\/wp\/v2\/pages\/68\/revisions"}],"predecessor-version":[{"id":617,"href":"https:\/\/saalebogen-borussen.de\/index.php?rest_route=\/wp\/v2\/pages\/68\/revisions\/617"}],"wp:attachment":[{"href":"https:\/\/saalebogen-borussen.de\/index.php?rest_route=%2Fwp%2Fv2%2Fmedia&parent=68"}],"curies":[{"name":"wp","href":"https:\/\/api.w.org\/{rel}","templated":true}]}}